{"id":13,"date":"2025-02-04T17:08:09","date_gmt":"2025-02-04T17:08:09","guid":{"rendered":"https:\/\/naiadandrea.com\/?page_id=13"},"modified":"2025-12-05T20:00:15","modified_gmt":"2025-12-05T20:00:15","slug":"naia-dandrea","status":"publish","type":"page","link":"https:\/\/naiadandrea.com\/","title":{"rendered":"Naia D&#8217;Andrea"},"content":{"rendered":"\t\t<div data-elementor-type=\"wp-page\" data-elementor-id=\"13\" class=\"elementor elementor-13\" data-elementor-post-type=\"page\">\n\t\t\t\t<div class=\"elementor-element elementor-element-2cb9f55 e-flex e-con-boxed e-con e-parent\" data-id=\"2cb9f55\" data-element_type=\"container\" data-settings=\"{&quot;background_background&quot;:&quot;slideshow&quot;,&quot;background_slideshow_gallery&quot;:[{&quot;id&quot;:3979,&quot;url&quot;:&quot;https:\\\/\\\/naiadandrea.com\\\/wp-content\\\/uploads\\\/2025\\\/07\\\/DSC00045.jpg&quot;},{&quot;id&quot;:3980,&quot;url&quot;:&quot;https:\\\/\\\/naiadandrea.com\\\/wp-content\\\/uploads\\\/2025\\\/07\\\/IMG_5126-scaled.jpg&quot;},{&quot;id&quot;:3981,&quot;url&quot;:&quot;https:\\\/\\\/naiadandrea.com\\\/wp-content\\\/uploads\\\/2025\\\/07\\\/IMG_9792-scaled.jpg&quot;}],&quot;background_slideshow_loop&quot;:&quot;yes&quot;,&quot;background_slideshow_slide_duration&quot;:5000,&quot;background_slideshow_slide_transition&quot;:&quot;fade&quot;,&quot;background_slideshow_transition_duration&quot;:500}\">\n\t\t\t\t\t<div class=\"e-con-inner\">\n\t\t\t\t<div class=\"elementor-element elementor-element-27f6540 elementor-widget elementor-widget-image\" data-id=\"27f6540\" data-element_type=\"widget\" data-widget_type=\"image.default\">\n\t\t\t\t<div class=\"elementor-widget-container\">\n\t\t\t\t\t\t\t\t\t\t\t\t\t\t\t<img fetchpriority=\"high\" decoding=\"async\" width=\"1063\" height=\"1063\" src=\"https:\/\/naiadandrea.com\/wp-content\/uploads\/2025\/07\/Naia-DAndrea-500-x-500-px.png\" class=\"attachment-full size-full wp-image-4117\" alt=\"\" srcset=\"https:\/\/naiadandrea.com\/wp-content\/uploads\/2025\/07\/Naia-DAndrea-500-x-500-px.png 1063w, https:\/\/naiadandrea.com\/wp-content\/uploads\/2025\/07\/Naia-DAndrea-500-x-500-px-300x300.png 300w, https:\/\/naiadandrea.com\/wp-content\/uploads\/2025\/07\/Naia-DAndrea-500-x-500-px-1024x1024.png 1024w, https:\/\/naiadandrea.com\/wp-content\/uploads\/2025\/07\/Naia-DAndrea-500-x-500-px-150x150.png 150w, https:\/\/naiadandrea.com\/wp-content\/uploads\/2025\/07\/Naia-DAndrea-500-x-500-px-768x768.png 768w, https:\/\/naiadandrea.com\/wp-content\/uploads\/2025\/07\/Naia-DAndrea-500-x-500-px-500x500.png 500w, https:\/\/naiadandrea.com\/wp-content\/uploads\/2025\/07\/Naia-DAndrea-500-x-500-px-800x800.png 800w\" sizes=\"(max-width: 1063px) 100vw, 1063px\" \/>\t\t\t\t\t\t\t\t\t\t\t\t\t\t\t<\/div>\n\t\t\t\t<\/div>\n\t\t\t\t\t<\/div>\n\t\t\t\t<\/div>\n\t\t<div class=\"elementor-element elementor-element-cf2a92a e-con-full e-flex e-con e-parent\" data-id=\"cf2a92a\" data-element_type=\"container\">\n\t\t\t\t<div class=\"elementor-element elementor-element-626ad85 elementor-pagination-position-inside elementor-arrows-position-inside elementor-widget elementor-widget-image-carousel\" data-id=\"626ad85\" data-element_type=\"widget\" data-settings=\"{&quot;slides_to_show&quot;:&quot;2&quot;,&quot;navigation&quot;:&quot;both&quot;,&quot;autoplay&quot;:&quot;yes&quot;,&quot;pause_on_hover&quot;:&quot;yes&quot;,&quot;pause_on_interaction&quot;:&quot;yes&quot;,&quot;autoplay_speed&quot;:5000,&quot;infinite&quot;:&quot;yes&quot;,&quot;speed&quot;:500}\" data-widget_type=\"image-carousel.default\">\n\t\t\t\t<div class=\"elementor-widget-container\">\n\t\t\t\t\t\t\t<div class=\"elementor-image-carousel-wrapper swiper\" role=\"region\" aria-roledescription=\"carousel\" aria-label=\"Carrossel de imagens\" dir=\"ltr\">\n\t\t\t<div class=\"elementor-image-carousel swiper-wrapper\" aria-live=\"off\">\n\t\t\t\t\t\t\t\t<div class=\"swiper-slide\" role=\"group\" aria-roledescription=\"slide\" aria-label=\"1 de 27\"><figure class=\"swiper-slide-inner\"><img decoding=\"async\" class=\"swiper-slide-image\" src=\"https:\/\/naiadandrea.com\/wp-content\/uploads\/2025\/06\/DSC03102-1024x683.jpg\" alt=\"\" \/><\/figure><\/div><div class=\"swiper-slide\" role=\"group\" aria-roledescription=\"slide\" aria-label=\"2 de 27\"><figure class=\"swiper-slide-inner\"><img decoding=\"async\" class=\"swiper-slide-image\" src=\"https:\/\/naiadandrea.com\/wp-content\/uploads\/2025\/07\/B6310F67-75AC-4711-A8A6-76301ED9D711-1024x682.jpg\" alt=\"B6310F67-75AC-4711-A8A6-76301ED9D711\" \/><\/figure><\/div><div class=\"swiper-slide\" role=\"group\" aria-roledescription=\"slide\" aria-label=\"3 de 27\"><figure class=\"swiper-slide-inner\"><img decoding=\"async\" class=\"swiper-slide-image\" src=\"https:\/\/naiadandrea.com\/wp-content\/uploads\/2025\/07\/DSC04897-1024x683.jpg\" alt=\"DSC04897\" \/><\/figure><\/div><div class=\"swiper-slide\" role=\"group\" aria-roledescription=\"slide\" aria-label=\"4 de 27\"><figure class=\"swiper-slide-inner\"><img decoding=\"async\" class=\"swiper-slide-image\" src=\"https:\/\/naiadandrea.com\/wp-content\/uploads\/2025\/07\/DSC01287-1024x683.jpg\" alt=\"DSC01287\" \/><\/figure><\/div><div class=\"swiper-slide\" role=\"group\" aria-roledescription=\"slide\" aria-label=\"5 de 27\"><figure class=\"swiper-slide-inner\"><img decoding=\"async\" class=\"swiper-slide-image\" src=\"https:\/\/naiadandrea.com\/wp-content\/uploads\/2025\/07\/DSC08363-1024x683.jpg\" alt=\"DSC08363\" \/><\/figure><\/div><div class=\"swiper-slide\" role=\"group\" aria-roledescription=\"slide\" aria-label=\"6 de 27\"><figure class=\"swiper-slide-inner\"><img decoding=\"async\" class=\"swiper-slide-image\" src=\"https:\/\/naiadandrea.com\/wp-content\/uploads\/2025\/06\/DSC09234-2-1024x683.jpg\" alt=\"DSC09234-2\" \/><\/figure><\/div><div class=\"swiper-slide\" role=\"group\" aria-roledescription=\"slide\" aria-label=\"7 de 27\"><figure class=\"swiper-slide-inner\"><img decoding=\"async\" class=\"swiper-slide-image\" src=\"https:\/\/naiadandrea.com\/wp-content\/uploads\/2025\/06\/DSC03082-Enhanced-NR-1024x683.jpg\" alt=\"DSC03082-Enhanced-NR\" \/><\/figure><\/div><div class=\"swiper-slide\" role=\"group\" aria-roledescription=\"slide\" aria-label=\"8 de 27\"><figure class=\"swiper-slide-inner\"><img decoding=\"async\" class=\"swiper-slide-image\" src=\"https:\/\/naiadandrea.com\/wp-content\/uploads\/2025\/06\/DSC09727-1024x683.jpg\" alt=\"DSC09727\" \/><\/figure><\/div><div class=\"swiper-slide\" role=\"group\" aria-roledescription=\"slide\" aria-label=\"9 de 27\"><figure class=\"swiper-slide-inner\"><img decoding=\"async\" class=\"swiper-slide-image\" src=\"https:\/\/naiadandrea.com\/wp-content\/uploads\/2025\/06\/DSC09701-1024x683.jpg\" alt=\"DSC09701\" \/><\/figure><\/div><div class=\"swiper-slide\" role=\"group\" aria-roledescription=\"slide\" aria-label=\"10 de 27\"><figure class=\"swiper-slide-inner\"><img decoding=\"async\" class=\"swiper-slide-image\" src=\"https:\/\/naiadandrea.com\/wp-content\/uploads\/2025\/06\/IMG_0848-1024x683.jpg\" alt=\"IMG_0848\" \/><\/figure><\/div><div class=\"swiper-slide\" role=\"group\" aria-roledescription=\"slide\" aria-label=\"11 de 27\"><figure class=\"swiper-slide-inner\"><img decoding=\"async\" class=\"swiper-slide-image\" src=\"https:\/\/naiadandrea.com\/wp-content\/uploads\/2025\/06\/IMG_5728-1024x683.jpg\" alt=\"IMG_5728\" \/><\/figure><\/div><div class=\"swiper-slide\" role=\"group\" aria-roledescription=\"slide\" aria-label=\"12 de 27\"><figure class=\"swiper-slide-inner\"><img decoding=\"async\" class=\"swiper-slide-image\" src=\"https:\/\/naiadandrea.com\/wp-content\/uploads\/2025\/06\/IMG_7838-1024x683.jpg\" alt=\"IMG_7838\" \/><\/figure><\/div><div class=\"swiper-slide\" role=\"group\" aria-roledescription=\"slide\" aria-label=\"13 de 27\"><figure class=\"swiper-slide-inner\"><img decoding=\"async\" class=\"swiper-slide-image\" src=\"https:\/\/naiadandrea.com\/wp-content\/uploads\/2025\/06\/DSC06259-1024x683.jpg\" alt=\"DSC06259\" \/><\/figure><\/div><div class=\"swiper-slide\" role=\"group\" aria-roledescription=\"slide\" aria-label=\"14 de 27\"><figure class=\"swiper-slide-inner\"><img decoding=\"async\" class=\"swiper-slide-image\" src=\"https:\/\/naiadandrea.com\/wp-content\/uploads\/2025\/06\/PregnancyRetreat_Janeiro-280-1024x683.jpg\" alt=\"PregnancyRetreat_Janeiro-280\" \/><\/figure><\/div><div class=\"swiper-slide\" role=\"group\" aria-roledescription=\"slide\" aria-label=\"15 de 27\"><figure class=\"swiper-slide-inner\"><img decoding=\"async\" class=\"swiper-slide-image\" src=\"https:\/\/naiadandrea.com\/wp-content\/uploads\/2025\/06\/PregnancyRetreat_Janeiro-350-1024x683.jpg\" alt=\"PregnancyRetreat_Janeiro-350\" \/><\/figure><\/div><div class=\"swiper-slide\" role=\"group\" aria-roledescription=\"slide\" aria-label=\"16 de 27\"><figure class=\"swiper-slide-inner\"><img decoding=\"async\" class=\"swiper-slide-image\" src=\"https:\/\/naiadandrea.com\/wp-content\/uploads\/2025\/06\/DSC01819-1024x683.jpg\" alt=\"DSC01819\" \/><\/figure><\/div><div class=\"swiper-slide\" role=\"group\" aria-roledescription=\"slide\" aria-label=\"17 de 27\"><figure class=\"swiper-slide-inner\"><img decoding=\"async\" class=\"swiper-slide-image\" src=\"https:\/\/naiadandrea.com\/wp-content\/uploads\/2025\/06\/DSC02230-1024x683.jpg\" alt=\"DSC02230\" \/><\/figure><\/div><div class=\"swiper-slide\" role=\"group\" aria-roledescription=\"slide\" aria-label=\"18 de 27\"><figure class=\"swiper-slide-inner\"><img decoding=\"async\" class=\"swiper-slide-image\" src=\"https:\/\/naiadandrea.com\/wp-content\/uploads\/2025\/06\/DSC03201-1024x683.jpg\" alt=\"DSC03201\" \/><\/figure><\/div><div class=\"swiper-slide\" role=\"group\" aria-roledescription=\"slide\" aria-label=\"19 de 27\"><figure class=\"swiper-slide-inner\"><img decoding=\"async\" class=\"swiper-slide-image\" src=\"https:\/\/naiadandrea.com\/wp-content\/uploads\/2025\/06\/DSC03070-1024x683.jpg\" alt=\"DSC03070\" \/><\/figure><\/div><div class=\"swiper-slide\" role=\"group\" aria-roledescription=\"slide\" aria-label=\"20 de 27\"><figure class=\"swiper-slide-inner\"><img decoding=\"async\" class=\"swiper-slide-image\" src=\"https:\/\/naiadandrea.com\/wp-content\/uploads\/2025\/07\/DSC05187-1024x683.jpg\" alt=\"DSC05187\" \/><\/figure><\/div><div class=\"swiper-slide\" role=\"group\" aria-roledescription=\"slide\" aria-label=\"21 de 27\"><figure class=\"swiper-slide-inner\"><img decoding=\"async\" class=\"swiper-slide-image\" src=\"https:\/\/naiadandrea.com\/wp-content\/uploads\/2025\/07\/DSC04927-1024x683.jpg\" alt=\"DSC04927\" \/><\/figure><\/div><div class=\"swiper-slide\" role=\"group\" aria-roledescription=\"slide\" aria-label=\"22 de 27\"><figure class=\"swiper-slide-inner\"><img decoding=\"async\" class=\"swiper-slide-image\" src=\"https:\/\/naiadandrea.com\/wp-content\/uploads\/2025\/06\/DSC01263-1024x683.jpg\" alt=\"DSC01263\" \/><\/figure><\/div><div class=\"swiper-slide\" role=\"group\" aria-roledescription=\"slide\" aria-label=\"23 de 27\"><figure class=\"swiper-slide-inner\"><img decoding=\"async\" class=\"swiper-slide-image\" src=\"https:\/\/naiadandrea.com\/wp-content\/uploads\/2025\/06\/IMG_0739-1024x683.jpg\" alt=\"IMG_0739\" \/><\/figure><\/div><div class=\"swiper-slide\" role=\"group\" aria-roledescription=\"slide\" aria-label=\"24 de 27\"><figure class=\"swiper-slide-inner\"><img decoding=\"async\" class=\"swiper-slide-image\" src=\"https:\/\/naiadandrea.com\/wp-content\/uploads\/2025\/06\/DSC01806-1024x683.jpg\" alt=\"DSC01806\" \/><\/figure><\/div><div class=\"swiper-slide\" role=\"group\" aria-roledescription=\"slide\" aria-label=\"25 de 27\"><figure class=\"swiper-slide-inner\"><img decoding=\"async\" class=\"swiper-slide-image\" src=\"https:\/\/naiadandrea.com\/wp-content\/uploads\/2025\/06\/DSC03206-Enhanced-NR-1024x683.jpg\" alt=\"\" \/><\/figure><\/div><div class=\"swiper-slide\" role=\"group\" aria-roledescription=\"slide\" aria-label=\"26 de 27\"><figure class=\"swiper-slide-inner\"><img decoding=\"async\" class=\"swiper-slide-image\" src=\"https:\/\/naiadandrea.com\/wp-content\/uploads\/2025\/07\/DSC03414-1024x683.jpg\" alt=\"DSC03414\" \/><\/figure><\/div><div class=\"swiper-slide\" role=\"group\" aria-roledescription=\"slide\" aria-label=\"27 de 27\"><figure class=\"swiper-slide-inner\"><img decoding=\"async\" class=\"swiper-slide-image\" src=\"https:\/\/naiadandrea.com\/wp-content\/uploads\/2025\/07\/DSC00003-1024x683.jpg\" alt=\"DSC00003\" \/><\/figure><\/div>\t\t\t<\/div>\n\t\t\t\t\t\t\t\t\t\t\t\t<div class=\"elementor-swiper-button elementor-swiper-button-prev\" role=\"button\" tabindex=\"0\">\n\t\t\t\t\t\t<svg aria-hidden=\"true\" class=\"e-font-icon-svg e-eicon-chevron-left\" viewBox=\"0 0 1000 1000\" xmlns=\"http:\/\/www.w3.org\/2000\/svg\"><path d=\"M646 125C629 125 613 133 604 142L308 442C296 454 292 471 292 487 292 504 296 521 308 533L604 854C617 867 629 875 646 875 663 875 679 871 692 858 704 846 713 829 713 812 713 796 708 779 692 767L438 487 692 225C700 217 708 204 708 187 708 171 704 154 692 142 675 129 663 125 646 125Z\"><\/path><\/svg>\t\t\t\t\t<\/div>\n\t\t\t\t\t<div class=\"elementor-swiper-button elementor-swiper-button-next\" role=\"button\" tabindex=\"0\">\n\t\t\t\t\t\t<svg aria-hidden=\"true\" class=\"e-font-icon-svg e-eicon-chevron-right\" viewBox=\"0 0 1000 1000\" xmlns=\"http:\/\/www.w3.org\/2000\/svg\"><path d=\"M696 533C708 521 713 504 713 487 713 471 708 454 696 446L400 146C388 133 375 125 354 125 338 125 325 129 313 142 300 154 292 171 292 187 292 204 296 221 308 233L563 492 304 771C292 783 288 800 288 817 288 833 296 850 308 863 321 871 338 875 354 875 371 875 388 867 400 854L696 533Z\"><\/path><\/svg>\t\t\t\t\t<\/div>\n\t\t\t\t\n\t\t\t\t\t\t\t\t\t<div class=\"swiper-pagination\"><\/div>\n\t\t\t\t\t\t\t\t\t<\/div>\n\t\t\t\t\t\t<\/div>\n\t\t\t\t<\/div>\n\t\t\t\t<\/div>\n\t\t\t\t<section class=\"elementor-section elementor-top-section elementor-element elementor-element-cakbio3 elementor-section-content-middle elementor-section-boxed elementor-section-height-default elementor-section-height-default\" data-id=\"cakbio3\" data-element_type=\"section\" data-settings=\"{&quot;background_background&quot;:&quot;classic&quot;}\">\n\t\t\t\t\t\t<div class=\"elementor-container elementor-column-gap-no\">\n\t\t\t\t\t<div class=\"elementor-column elementor-col-50 elementor-top-column elementor-element elementor-element-258231d\" data-id=\"258231d\" data-element_type=\"column\">\n\t\t\t<div class=\"elementor-widget-wrap elementor-element-populated\">\n\t\t\t\t\t\t<div class=\"elementor-element elementor-element-1401102 elementor-widget elementor-widget-heading\" data-id=\"1401102\" data-element_type=\"widget\" data-widget_type=\"heading.default\">\n\t\t\t\t<div class=\"elementor-widget-container\">\n\t\t\t\t\t<h2 class=\"elementor-heading-title elementor-size-default\">UM POUCO SOBRE MIM<\/h2>\t\t\t\t<\/div>\n\t\t\t\t<\/div>\n\t\t\t\t<div class=\"elementor-element elementor-element-4f6265e elementor-widget elementor-widget-text-editor\" data-id=\"4f6265e\" data-element_type=\"widget\" data-widget_type=\"text-editor.default\">\n\t\t\t\t<div class=\"elementor-widget-container\">\n\t\t\t\t\t\t\t\t\t<p>Nascida e criada em Ilhabela, uma ilha no litoral norte de S\u00e3o Paulo. Nutri minha vis\u00e3o de mundo cercada por suas \u00e1guas e encantos naturais. \u00a0Ao sair da ilha e migrar para Portugal iniciei meu caminho profissional como artista audiovisual, com forma\u00e7\u00e3o em comunica\u00e7\u00e3o audiovisual e especializa\u00e7\u00e3o em cinema; fotografia e videografia de partos; Antropologia .<\/p><p>Atrav\u00e9s do audiovisual busco real\u00e7ar\u00a0camadas de significado que residem em simples gestos e instantes. Trazer luz ao invis\u00edvel, de forma a enaltecer a ess\u00eancia de cada pessoa, momento, evento e projeto.<span class=\"Apple-converted-space\">\u00a0<\/span><\/p><p>Gosto de ver o audiovisual como uma forma moderna de contar historias; uma linguagem capaz de trazer ideias \u00e0 dimens\u00e3o palp\u00e1vel com sensibilidade numa dan\u00e7a entre t\u00e9cnica e intui\u00e7\u00e3o.<\/p><p>Meu compromisso \u00e9 preservar a mem\u00f3ria atrav\u00e9s da linguagem audiovisual, testemunhar as antigas e novas historias no olhar do tempo.<\/p>\t\t\t\t\t\t\t\t<\/div>\n\t\t\t\t<\/div>\n\t\t\t\t<div class=\"elementor-element elementor-element-7a2d1e6 elementor-widget-divider--view-line elementor-widget elementor-widget-divider\" data-id=\"7a2d1e6\" data-element_type=\"widget\" data-widget_type=\"divider.default\">\n\t\t\t\t<div class=\"elementor-widget-container\">\n\t\t\t\t\t\t\t<div class=\"elementor-divider\">\n\t\t\t<span class=\"elementor-divider-separator\">\n\t\t\t\t\t\t<\/span>\n\t\t<\/div>\n\t\t\t\t\t\t<\/div>\n\t\t\t\t<\/div>\n\t\t\t\t<div class=\"elementor-element elementor-element-ea326d2 elementor-tablet-align-left elementor-align-center elementor-icon-list--layout-traditional elementor-list-item-link-full_width elementor-widget elementor-widget-icon-list\" data-id=\"ea326d2\" data-element_type=\"widget\" data-widget_type=\"icon-list.default\">\n\t\t\t\t<div class=\"elementor-widget-container\">\n\t\t\t\t\t\t\t<ul class=\"elementor-icon-list-items\">\n\t\t\t\t\t\t\t<li class=\"elementor-icon-list-item\">\n\t\t\t\t\t\t\t\t\t\t<span class=\"elementor-icon-list-text\"><\/span>\n\t\t\t\t\t\t\t\t\t<\/li>\n\t\t\t\t\t\t<\/ul>\n\t\t\t\t\t\t<\/div>\n\t\t\t\t<\/div>\n\t\t\t\t<div class=\"elementor-element elementor-element-2a647cc elementor-blockquote--skin-quotation elementor-blockquote--align-center elementor-blockquote--button-color-official elementor-widget elementor-widget-blockquote\" data-id=\"2a647cc\" data-element_type=\"widget\" data-widget_type=\"blockquote.default\">\n\t\t\t\t<div class=\"elementor-widget-container\">\n\t\t\t\t\t\t\t<blockquote class=\"elementor-blockquote\">\n\t\t\t<p class=\"elementor-blockquote__content\">\n\t\t\t\tO audiovisual \u00e9 uma forma de ofertar o olhar ao mundo\t\t\t<\/p>\n\t\t\t\t\t\t\t<div class=\"e-q-footer\">\n\t\t\t\t\t\t\t\t\t\t\t<cite class=\"elementor-blockquote__author\">Naia D'Andrea<\/cite>\n\t\t\t\t\t\t\t\t\t\t\t\t\t\t<\/div>\n\t\t\t\t\t<\/blockquote>\n\t\t\t\t\t\t<\/div>\n\t\t\t\t<\/div>\n\t\t\t\t\t<\/div>\n\t\t<\/div>\n\t\t\t\t<div class=\"elementor-column elementor-col-50 elementor-top-column elementor-element elementor-element-ca44c59\" data-id=\"ca44c59\" data-element_type=\"column\" data-settings=\"{&quot;background_background&quot;:&quot;classic&quot;}\">\n\t\t\t<div class=\"elementor-widget-wrap elementor-element-populated\">\n\t\t\t\t\t\t<div class=\"elementor-element elementor-element-bbafbe8 elementor-widget elementor-widget-image\" data-id=\"bbafbe8\" data-element_type=\"widget\" data-widget_type=\"image.default\">\n\t\t\t\t<div class=\"elementor-widget-container\">\n\t\t\t\t\t\t\t\t\t\t\t\t\t\t\t<img decoding=\"async\" width=\"1600\" height=\"1200\" src=\"https:\/\/naiadandrea.com\/wp-content\/uploads\/2025\/07\/14137efc-6f85-4c10-ab00-b82244038047-2.jpg\" class=\"attachment-full size-full wp-image-4006\" alt=\"\" srcset=\"https:\/\/naiadandrea.com\/wp-content\/uploads\/2025\/07\/14137efc-6f85-4c10-ab00-b82244038047-2.jpg 1600w, https:\/\/naiadandrea.com\/wp-content\/uploads\/2025\/07\/14137efc-6f85-4c10-ab00-b82244038047-2-300x225.jpg 300w, https:\/\/naiadandrea.com\/wp-content\/uploads\/2025\/07\/14137efc-6f85-4c10-ab00-b82244038047-2-1024x768.jpg 1024w, https:\/\/naiadandrea.com\/wp-content\/uploads\/2025\/07\/14137efc-6f85-4c10-ab00-b82244038047-2-768x576.jpg 768w, https:\/\/naiadandrea.com\/wp-content\/uploads\/2025\/07\/14137efc-6f85-4c10-ab00-b82244038047-2-1536x1152.jpg 1536w, https:\/\/naiadandrea.com\/wp-content\/uploads\/2025\/07\/14137efc-6f85-4c10-ab00-b82244038047-2-500x375.jpg 500w, https:\/\/naiadandrea.com\/wp-content\/uploads\/2025\/07\/14137efc-6f85-4c10-ab00-b82244038047-2-800x600.jpg 800w, https:\/\/naiadandrea.com\/wp-content\/uploads\/2025\/07\/14137efc-6f85-4c10-ab00-b82244038047-2-1280x960.jpg 1280w\" sizes=\"(max-width: 1600px) 100vw, 1600px\" \/>\t\t\t\t\t\t\t\t\t\t\t\t\t\t\t<\/div>\n\t\t\t\t<\/div>\n\t\t\t\t<div class=\"elementor-element elementor-element-7e01216 elementor-widget elementor-widget-image\" data-id=\"7e01216\" data-element_type=\"widget\" data-widget_type=\"image.default\">\n\t\t\t\t<div class=\"elementor-widget-container\">\n\t\t\t\t\t\t\t\t\t\t\t\t\t\t\t<img decoding=\"async\" width=\"1920\" height=\"2560\" src=\"https:\/\/naiadandrea.com\/wp-content\/uploads\/2025\/07\/IMG_2928-scaled.jpg\" class=\"attachment-full size-full wp-image-4005\" alt=\"\" srcset=\"https:\/\/naiadandrea.com\/wp-content\/uploads\/2025\/07\/IMG_2928-scaled.jpg 1920w, https:\/\/naiadandrea.com\/wp-content\/uploads\/2025\/07\/IMG_2928-225x300.jpg 225w, https:\/\/naiadandrea.com\/wp-content\/uploads\/2025\/07\/IMG_2928-768x1024.jpg 768w, https:\/\/naiadandrea.com\/wp-content\/uploads\/2025\/07\/IMG_2928-1152x1536.jpg 1152w, https:\/\/naiadandrea.com\/wp-content\/uploads\/2025\/07\/IMG_2928-1536x2048.jpg 1536w, https:\/\/naiadandrea.com\/wp-content\/uploads\/2025\/07\/IMG_2928-500x667.jpg 500w, https:\/\/naiadandrea.com\/wp-content\/uploads\/2025\/07\/IMG_2928-800x1067.jpg 800w, https:\/\/naiadandrea.com\/wp-content\/uploads\/2025\/07\/IMG_2928-1280x1707.jpg 1280w\" sizes=\"(max-width: 1920px) 100vw, 1920px\" \/>\t\t\t\t\t\t\t\t\t\t\t\t\t\t\t<\/div>\n\t\t\t\t<\/div>\n\t\t\t\t<div class=\"elementor-element elementor-element-76dfcda elementor-view-default elementor-widget elementor-widget-icon\" data-id=\"76dfcda\" data-element_type=\"widget\" data-widget_type=\"icon.default\">\n\t\t\t\t<div class=\"elementor-widget-container\">\n\t\t\t\t\t\t\t<div class=\"elementor-icon-wrapper\">\n\t\t\t<a class=\"elementor-icon\" href=\"https:\/\/www.instagram.com\/naia.dandrea\/\">\n\t\t\t<svg aria-hidden=\"true\" class=\"e-font-icon-svg e-fab-instagram\" viewBox=\"0 0 448 512\" xmlns=\"http:\/\/www.w3.org\/2000\/svg\"><path d=\"M224.1 141c-63.6 0-114.9 51.3-114.9 114.9s51.3 114.9 114.9 114.9S339 319.5 339 255.9 287.7 141 224.1 141zm0 189.6c-41.1 0-74.7-33.5-74.7-74.7s33.5-74.7 74.7-74.7 74.7 33.5 74.7 74.7-33.6 74.7-74.7 74.7zm146.4-194.3c0 14.9-12 26.8-26.8 26.8-14.9 0-26.8-12-26.8-26.8s12-26.8 26.8-26.8 26.8 12 26.8 26.8zm76.1 27.2c-1.7-35.9-9.9-67.7-36.2-93.9-26.2-26.2-58-34.4-93.9-36.2-37-2.1-147.9-2.1-184.9 0-35.8 1.7-67.6 9.9-93.9 36.1s-34.4 58-36.2 93.9c-2.1 37-2.1 147.9 0 184.9 1.7 35.9 9.9 67.7 36.2 93.9s58 34.4 93.9 36.2c37 2.1 147.9 2.1 184.9 0 35.9-1.7 67.7-9.9 93.9-36.2 26.2-26.2 34.4-58 36.2-93.9 2.1-37 2.1-147.8 0-184.8zM398.8 388c-7.8 19.6-22.9 34.7-42.6 42.6-29.5 11.7-99.5 9-132.1 9s-102.7 2.6-132.1-9c-19.6-7.8-34.7-22.9-42.6-42.6-11.7-29.5-9-99.5-9-132.1s-2.6-102.7 9-132.1c7.8-19.6 22.9-34.7 42.6-42.6 29.5-11.7 99.5-9 132.1-9s102.7-2.6 132.1 9c19.6 7.8 34.7 22.9 42.6 42.6 11.7 29.5 9 99.5 9 132.1s2.7 102.7-9 132.1z\"><\/path><\/svg>\t\t\t<\/a>\n\t\t<\/div>\n\t\t\t\t\t\t<\/div>\n\t\t\t\t<\/div>\n\t\t\t\t\t<\/div>\n\t\t<\/div>\n\t\t\t\t\t<\/div>\n\t\t<\/section>\n\t\t\t\t<\/div>\n\t\t","protected":false},"excerpt":{"rendered":"<p>UM POUCO SOBRE MIM Nascida e criada em Ilhabela, uma ilha no litoral norte de S\u00e3o Paulo. Nutri minha vis\u00e3o de mundo cercada por suas \u00e1guas e encantos naturais. \u00a0Ao sair da ilha e migrar para Portugal iniciei meu caminho profissional como artista audiovisual, com forma\u00e7\u00e3o em comunica\u00e7\u00e3o audiovisual e especializa\u00e7\u00e3o em cinema; fotografia e [&hellip;]<\/p>\n","protected":false},"author":1,"featured_media":0,"parent":0,"menu_order":0,"comment_status":"closed","ping_status":"closed","template":"","meta":{"ngg_post_thumbnail":0,"_vp_format_video_url":"","_vp_image_focal_point":[],"footnotes":""},"class_list":["post-13","page","type-page","status-publish","hentry"],"aioseo_notices":[],"_links":{"self":[{"href":"https:\/\/naiadandrea.com\/index.php?rest_route=\/wp\/v2\/pages\/13","targetHints":{"allow":["GET"]}}],"collection":[{"href":"https:\/\/naiadandrea.com\/index.php?rest_route=\/wp\/v2\/pages"}],"about":[{"href":"https:\/\/naiadandrea.com\/index.php?rest_route=\/wp\/v2\/types\/page"}],"author":[{"embeddable":true,"href":"https:\/\/naiadandrea.com\/index.php?rest_route=\/wp\/v2\/users\/1"}],"replies":[{"embeddable":true,"href":"https:\/\/naiadandrea.com\/index.php?rest_route=%2Fwp%2Fv2%2Fcomments&post=13"}],"version-history":[{"count":85,"href":"https:\/\/naiadandrea.com\/index.php?rest_route=\/wp\/v2\/pages\/13\/revisions"}],"predecessor-version":[{"id":4345,"href":"https:\/\/naiadandrea.com\/index.php?rest_route=\/wp\/v2\/pages\/13\/revisions\/4345"}],"wp:attachment":[{"href":"https:\/\/naiadandrea.com\/index.php?rest_route=%2Fwp%2Fv2%2Fmedia&parent=13"}],"curies":[{"name":"wp","href":"https:\/\/api.w.org\/{rel}","templated":true}]}}