{"id":4010,"date":"2025-07-01T17:17:09","date_gmt":"2025-07-01T17:17:09","guid":{"rendered":"https:\/\/naiadandrea.com\/?page_id=4010"},"modified":"2026-03-12T11:25:36","modified_gmt":"2026-03-12T11:25:36","slug":"videografia","status":"publish","type":"page","link":"https:\/\/naiadandrea.com\/?page_id=4010","title":{"rendered":"Videografia"},"content":{"rendered":"\t\t<div data-elementor-type=\"wp-page\" data-elementor-id=\"4010\" class=\"elementor elementor-4010\" data-elementor-post-type=\"page\">\n\t\t\t\t<div class=\"elementor-element elementor-element-296bb3d5 e-flex e-con-boxed e-con e-parent\" data-id=\"296bb3d5\" data-element_type=\"container\">\n\t\t\t\t\t<div class=\"e-con-inner\">\n\t\t\t\t<div class=\"elementor-element elementor-element-1a141670 elementor-widget elementor-widget-heading\" data-id=\"1a141670\" data-element_type=\"widget\" data-widget_type=\"heading.default\">\n\t\t\t\t<div class=\"elementor-widget-container\">\n\t\t\t\t\t<h1 class=\"elementor-heading-title elementor-size-default\">VIDEOGRAFIA<\/h1>\t\t\t\t<\/div>\n\t\t\t\t<\/div>\n\t\t\t\t<div class=\"elementor-element elementor-element-510e736 elementor-widget elementor-widget-spacer\" data-id=\"510e736\" data-element_type=\"widget\" data-widget_type=\"spacer.default\">\n\t\t\t\t<div class=\"elementor-widget-container\">\n\t\t\t\t\t\t\t<div class=\"elementor-spacer\">\n\t\t\t<div class=\"elementor-spacer-inner\"><\/div>\n\t\t<\/div>\n\t\t\t\t\t\t<\/div>\n\t\t\t\t<\/div>\n\t\t\t\t<div class=\"elementor-element elementor-element-1893d15e elementor-widget elementor-widget-text-editor\" data-id=\"1893d15e\" data-element_type=\"widget\" data-widget_type=\"text-editor.default\">\n\t\t\t\t<div class=\"elementor-widget-container\">\n\t\t\t\t\t\t\t\t\t<p data-start=\"246\" data-end=\"397\">O v\u00eddeo tem o poder de guardar n\u00e3o s\u00f3 a imagem, mas o ritmo do instante, a vibra\u00e7\u00e3o da voz, o brilho do olhar em movimento.<br data-start=\"369\" data-end=\"372\" \/>\u00c9 o registro em pulsa\u00e7\u00e3o.<\/p><p data-start=\"399\" data-end=\"487\">Ele amplia o tempo. Permite revisitar mem\u00f3rias com o corpo inteiro.<\/p><p data-start=\"489\" data-end=\"666\">Com escuta e cuidado, produzo v\u00eddeos que revelam a ess\u00eancia do vivido.<br data-start=\"559\" data-end=\"562\" \/>Uma costura entre luz, som e afeto.<strong> Um modo de contar hist\u00f3rias com a linguagem sens\u00edvel do audiovisual.<\/strong><\/p><p data-start=\"668\" data-end=\"843\">Cada projeto \u00e9 \u00fanico: pode ser um curta documental, um v\u00eddeo po\u00e9tico, um material para divulga\u00e7\u00e3o profissional, o registro de um show, de um evento ou de uma travessia \u00edntima.<\/p>\t\t\t\t\t\t\t\t<\/div>\n\t\t\t\t<\/div>\n\t\t\t\t<div class=\"elementor-element elementor-element-3e20ea8 elementor-widget elementor-widget-spacer\" data-id=\"3e20ea8\" data-element_type=\"widget\" data-widget_type=\"spacer.default\">\n\t\t\t\t<div class=\"elementor-widget-container\">\n\t\t\t\t\t\t\t<div class=\"elementor-spacer\">\n\t\t\t<div class=\"elementor-spacer-inner\"><\/div>\n\t\t<\/div>\n\t\t\t\t\t\t<\/div>\n\t\t\t\t<\/div>\n\t\t\t\t\t<\/div>\n\t\t\t\t<\/div>\n\t\t<div class=\"elementor-element elementor-element-8dab1dc e-con-full e-flex e-con e-parent\" data-id=\"8dab1dc\" data-element_type=\"container\">\n\t\t\t\t<div class=\"elementor-element elementor-element-1e1d5f3 elementor-widget elementor-widget-video\" data-id=\"1e1d5f3\" data-element_type=\"widget\" data-settings=\"{&quot;video_type&quot;:&quot;vimeo&quot;}\" data-widget_type=\"video.default\">\n\t\t\t\t<div class=\"elementor-widget-container\">\n\t\t\t\t\t\t\t<div class=\"elementor-wrapper elementor-open-inline\">\n\t\t\t<iframe class=\"elementor-video-iframe\" allowfullscreen allow=\"clipboard-write\" title=\"Reprodutor de v\u00eddeo vimeo\" src=\"https:\/\/player.vimeo.com\/video\/1154763496?color&amp;autopause=0&amp;loop=0&amp;muted=0&amp;title=1&amp;portrait=1&amp;byline=1#t=\"><\/iframe>\t\t<\/div>\n\t\t\t\t\t\t<\/div>\n\t\t\t\t<\/div>\n\t\t\t\t<\/div>\n\t\t<div class=\"elementor-element elementor-element-823773a e-con-full e-flex e-con e-parent\" data-id=\"823773a\" data-element_type=\"container\">\n\t\t\t\t<div class=\"elementor-element elementor-element-f3ea4b4 elementor-widget elementor-widget-video\" data-id=\"f3ea4b4\" data-element_type=\"widget\" data-settings=\"{&quot;video_type&quot;:&quot;vimeo&quot;}\" data-widget_type=\"video.default\">\n\t\t\t\t<div class=\"elementor-widget-container\">\n\t\t\t\t\t\t\t<div class=\"elementor-wrapper elementor-open-inline\">\n\t\t\t<iframe class=\"elementor-video-iframe\" allowfullscreen allow=\"clipboard-write\" title=\"Reprodutor de v\u00eddeo vimeo\" src=\"https:\/\/player.vimeo.com\/video\/1097925804?color&amp;autopause=0&amp;loop=0&amp;muted=0&amp;title=1&amp;portrait=1&amp;byline=1#t=\"><\/iframe>\t\t<\/div>\n\t\t\t\t\t\t<\/div>\n\t\t\t\t<\/div>\n\t\t\t\t<\/div>\n\t\t<div class=\"elementor-element elementor-element-38d4fe2 e-flex e-con-boxed e-con e-parent\" data-id=\"38d4fe2\" data-element_type=\"container\">\n\t\t\t\t\t<div class=\"e-con-inner\">\n\t\t\t\t<div class=\"elementor-element elementor-element-88c309c elementor-widget elementor-widget-video\" data-id=\"88c309c\" data-element_type=\"widget\" data-settings=\"{&quot;video_type&quot;:&quot;vimeo&quot;}\" data-widget_type=\"video.default\">\n\t\t\t\t<div class=\"elementor-widget-container\">\n\t\t\t\t\t\t\t<div class=\"elementor-wrapper elementor-open-inline\">\n\t\t\t<iframe class=\"elementor-video-iframe\" allowfullscreen allow=\"clipboard-write\" title=\"Reprodutor de v\u00eddeo vimeo\" src=\"https:\/\/player.vimeo.com\/video\/1097927065?color&amp;autopause=0&amp;loop=0&amp;muted=0&amp;title=0&amp;portrait=1&amp;byline=0#t=\"><\/iframe>\t\t<\/div>\n\t\t\t\t\t\t<\/div>\n\t\t\t\t<\/div>\n\t\t\t\t\t<\/div>\n\t\t\t\t<\/div>\n\t\t<div class=\"elementor-element elementor-element-feedbc1 e-flex e-con-boxed e-con e-parent\" data-id=\"feedbc1\" data-element_type=\"container\">\n\t\t\t\t\t<div class=\"e-con-inner\">\n\t\t\t\t<div class=\"elementor-element elementor-element-0480cc6 elementor-widget elementor-widget-video\" data-id=\"0480cc6\" data-element_type=\"widget\" data-settings=\"{&quot;video_type&quot;:&quot;vimeo&quot;}\" data-widget_type=\"video.default\">\n\t\t\t\t<div class=\"elementor-widget-container\">\n\t\t\t\t\t\t\t<div class=\"elementor-wrapper elementor-open-inline\">\n\t\t\t<iframe class=\"elementor-video-iframe\" allowfullscreen allow=\"clipboard-write\" title=\"Reprodutor de v\u00eddeo vimeo\" src=\"https:\/\/player.vimeo.com\/video\/1097925510?color&amp;autopause=0&amp;loop=0&amp;muted=0&amp;title=0&amp;portrait=1&amp;byline=0#t=\"><\/iframe>\t\t<\/div>\n\t\t\t\t\t\t<\/div>\n\t\t\t\t<\/div>\n\t\t\t\t\t<\/div>\n\t\t\t\t<\/div>\n\t\t<div class=\"elementor-element elementor-element-2d95555 e-flex e-con-boxed e-con e-parent\" data-id=\"2d95555\" data-element_type=\"container\">\n\t\t\t\t\t<div class=\"e-con-inner\">\n\t\t\t\t<div class=\"elementor-element elementor-element-7a7f75b elementor-widget elementor-widget-spacer\" data-id=\"7a7f75b\" data-element_type=\"widget\" data-widget_type=\"spacer.default\">\n\t\t\t\t<div class=\"elementor-widget-container\">\n\t\t\t\t\t\t\t<div class=\"elementor-spacer\">\n\t\t\t<div class=\"elementor-spacer-inner\"><\/div>\n\t\t<\/div>\n\t\t\t\t\t\t<\/div>\n\t\t\t\t<\/div>\n\t\t\t\t<div class=\"elementor-element elementor-element-7dd9165 elementor-widget elementor-widget-video\" data-id=\"7dd9165\" data-element_type=\"widget\" data-settings=\"{&quot;video_type&quot;:&quot;vimeo&quot;}\" data-widget_type=\"video.default\">\n\t\t\t\t<div class=\"elementor-widget-container\">\n\t\t\t\t\t\t\t<div class=\"elementor-wrapper elementor-open-inline\">\n\t\t\t<iframe class=\"elementor-video-iframe\" allowfullscreen allow=\"clipboard-write\" title=\"Reprodutor de v\u00eddeo vimeo\" src=\"https:\/\/player.vimeo.com\/video\/1097923890?color&amp;autopause=0&amp;loop=0&amp;muted=0&amp;title=1&amp;portrait=1&amp;byline=1#t=\"><\/iframe>\t\t<\/div>\n\t\t\t\t\t\t<\/div>\n\t\t\t\t<\/div>\n\t\t\t\t\t<\/div>\n\t\t\t\t<\/div>\n\t\t<div class=\"elementor-element elementor-element-08808a5 e-flex e-con-boxed e-con e-parent\" data-id=\"08808a5\" data-element_type=\"container\">\n\t\t\t\t\t<div class=\"e-con-inner\">\n\t\t\t\t<div class=\"elementor-element elementor-element-80fb254 elementor-widget elementor-widget-spacer\" data-id=\"80fb254\" data-element_type=\"widget\" data-widget_type=\"spacer.default\">\n\t\t\t\t<div class=\"elementor-widget-container\">\n\t\t\t\t\t\t\t<div class=\"elementor-spacer\">\n\t\t\t<div class=\"elementor-spacer-inner\"><\/div>\n\t\t<\/div>\n\t\t\t\t\t\t<\/div>\n\t\t\t\t<\/div>\n\t\t\t\t\t<\/div>\n\t\t\t\t<\/div>\n\t\t\t\t<\/div>\n\t\t","protected":false},"excerpt":{"rendered":"<p>VIDEOGRAFIA O v\u00eddeo tem o poder de guardar n\u00e3o s\u00f3 a imagem, mas o ritmo do instante, a vibra\u00e7\u00e3o da voz, o brilho do olhar em movimento.\u00c9 o registro em pulsa\u00e7\u00e3o. Ele amplia o tempo. Permite revisitar mem\u00f3rias com o corpo inteiro. Com escuta e cuidado, produzo v\u00eddeos que revelam a ess\u00eancia do vivido.Uma costura [&hellip;]<\/p>\n","protected":false},"author":1,"featured_media":0,"parent":0,"menu_order":0,"comment_status":"closed","ping_status":"closed","template":"","meta":{"ngg_post_thumbnail":0,"_vp_format_video_url":"","_vp_image_focal_point":[],"footnotes":""},"class_list":["post-4010","page","type-page","status-publish","hentry"],"aioseo_notices":[],"_links":{"self":[{"href":"https:\/\/naiadandrea.com\/index.php?rest_route=\/wp\/v2\/pages\/4010","targetHints":{"allow":["GET"]}}],"collection":[{"href":"https:\/\/naiadandrea.com\/index.php?rest_route=\/wp\/v2\/pages"}],"about":[{"href":"https:\/\/naiadandrea.com\/index.php?rest_route=\/wp\/v2\/types\/page"}],"author":[{"embeddable":true,"href":"https:\/\/naiadandrea.com\/index.php?rest_route=\/wp\/v2\/users\/1"}],"replies":[{"embeddable":true,"href":"https:\/\/naiadandrea.com\/index.php?rest_route=%2Fwp%2Fv2%2Fcomments&post=4010"}],"version-history":[{"count":24,"href":"https:\/\/naiadandrea.com\/index.php?rest_route=\/wp\/v2\/pages\/4010\/revisions"}],"predecessor-version":[{"id":4455,"href":"https:\/\/naiadandrea.com\/index.php?rest_route=\/wp\/v2\/pages\/4010\/revisions\/4455"}],"wp:attachment":[{"href":"https:\/\/naiadandrea.com\/index.php?rest_route=%2Fwp%2Fv2%2Fmedia&parent=4010"}],"curies":[{"name":"wp","href":"https:\/\/api.w.org\/{rel}","templated":true}]}}