{"id":53,"date":"2025-02-24T21:53:07","date_gmt":"2025-02-24T21:53:07","guid":{"rendered":"https:\/\/naiadandrea.com\/?page_id=53"},"modified":"2025-12-05T09:26:58","modified_gmt":"2025-12-05T09:26:58","slug":"fotografia-de-maternidade","status":"publish","type":"page","link":"https:\/\/naiadandrea.com\/?page_id=53","title":{"rendered":"Matresc\u00eancia"},"content":{"rendered":"\t\t<div data-elementor-type=\"wp-page\" data-elementor-id=\"53\" class=\"elementor elementor-53\" data-elementor-post-type=\"page\">\n\t\t\t\t<div class=\"elementor-element elementor-element-39da51d e-flex e-con-boxed e-con e-parent\" data-id=\"39da51d\" data-element_type=\"container\">\n\t\t\t\t\t<div class=\"e-con-inner\">\n\t\t\t\t<div class=\"elementor-element elementor-element-65c0da6 elementor-widget elementor-widget-spacer\" data-id=\"65c0da6\" data-element_type=\"widget\" data-widget_type=\"spacer.default\">\n\t\t\t\t<div class=\"elementor-widget-container\">\n\t\t\t\t\t\t\t<div class=\"elementor-spacer\">\n\t\t\t<div class=\"elementor-spacer-inner\"><\/div>\n\t\t<\/div>\n\t\t\t\t\t\t<\/div>\n\t\t\t\t<\/div>\n\t\t\t\t<div class=\"elementor-element elementor-element-5b9c313 elementor-widget elementor-widget-heading\" data-id=\"5b9c313\" data-element_type=\"widget\" data-widget_type=\"heading.default\">\n\t\t\t\t<div class=\"elementor-widget-container\">\n\t\t\t\t\t<h2 class=\"elementor-heading-title elementor-size-default\"><b>MATRESC\u00caNCIA<\/b><\/h2>\t\t\t\t<\/div>\n\t\t\t\t<\/div>\n\t\t\t\t<div class=\"elementor-element elementor-element-8b78c7c elementor-widget elementor-widget-spacer\" data-id=\"8b78c7c\" data-element_type=\"widget\" data-widget_type=\"spacer.default\">\n\t\t\t\t<div class=\"elementor-widget-container\">\n\t\t\t\t\t\t\t<div class=\"elementor-spacer\">\n\t\t\t<div class=\"elementor-spacer-inner\"><\/div>\n\t\t<\/div>\n\t\t\t\t\t\t<\/div>\n\t\t\t\t<\/div>\n\t\t\t\t\t<\/div>\n\t\t\t\t<\/div>\n\t\t<div class=\"elementor-element elementor-element-a6348d0 e-flex e-con-boxed e-con e-parent\" data-id=\"a6348d0\" data-element_type=\"container\">\n\t\t\t\t\t<div class=\"e-con-inner\">\n\t\t\t\t<div class=\"elementor-element elementor-element-bc4b36c elementor-drop-cap-yes elementor-drop-cap-view-default elementor-widget elementor-widget-text-editor\" data-id=\"bc4b36c\" data-element_type=\"widget\" data-settings=\"{&quot;drop_cap&quot;:&quot;yes&quot;}\" data-widget_type=\"text-editor.default\">\n\t\t\t\t<div class=\"elementor-widget-container\">\n\t\t\t\t\t\t\t\t\t<blockquote data-start=\"110\" data-end=\"435\"><p><span data-start=\"112\" data-end=\"435\">\u201cO parto provoca uma s\u00e9rie de mudan\u00e7as muito dram\u00e1ticas no ser f\u00edsico da nova m\u00e3e, em sua vida emocional, em seu status dentro do grupo, e at\u00e9 mesmo em sua pr\u00f3pria identidade <\/span><span data-start=\"112\" data-end=\"435\">feminina<\/span><span data-start=\"112\" data-end=\"435\">. Eu distingo esse per\u00edodo de transi\u00e7\u00e3o dos outros chamando-o de matresc\u00eancia, para enfatizar a m\u00e3e e focar em seu novo estilo de vida.\u201d<\/span><\/p><\/blockquote><p data-start=\"437\" data-end=\"492\">\u2014 Dana Raphael, <em data-start=\"453\" data-end=\"485\">The Tender Gift: Breastfeeding<\/em> (1973)<\/p><p data-start=\"437\" data-end=\"492\">\u00a0<\/p>\t\t\t\t\t\t\t\t<\/div>\n\t\t\t\t<\/div>\n\t\t\t\t\t<\/div>\n\t\t\t\t<\/div>\n\t\t<div class=\"elementor-element elementor-element-3554cbc e-flex e-con-boxed e-con e-parent\" data-id=\"3554cbc\" data-element_type=\"container\">\n\t\t\t\t\t<div class=\"e-con-inner\">\n\t\t\t\t<div class=\"elementor-element elementor-element-69c8947 elementor-grid-1 elementor-grid-tablet-2 elementor-grid-mobile-1 elementor-widget elementor-widget-portfolio\" data-id=\"69c8947\" data-element_type=\"widget\" data-settings=\"{&quot;columns&quot;:&quot;1&quot;,&quot;item_ratio&quot;:{&quot;unit&quot;:&quot;px&quot;,&quot;size&quot;:0.67,&quot;sizes&quot;:[]},&quot;row_gap&quot;:{&quot;unit&quot;:&quot;px&quot;,&quot;size&quot;:28,&quot;sizes&quot;:[]},&quot;columns_tablet&quot;:&quot;2&quot;,&quot;columns_mobile&quot;:&quot;1&quot;,&quot;item_gap&quot;:{&quot;unit&quot;:&quot;px&quot;,&quot;size&quot;:&quot;&quot;,&quot;sizes&quot;:[]}}\" data-widget_type=\"portfolio.default\">\n\t\t\t\t<div class=\"elementor-widget-container\">\n\t\t\t\t\t\t\t<div class=\"elementor-portfolio elementor-grid elementor-posts-container\" role=\"list\">\n\t\t\t\t<article class=\"elementor-portfolio-item elementor-post  post-3544 page type-page status-publish has-post-thumbnail hentry\" role=\"listitem\">\n\t\t\t<a class=\"elementor-post__thumbnail__link\" href=\"https:\/\/naiadandrea.com\/?page_id=3544\">\n\t\t\t\t<div class=\"elementor-portfolio-item__img elementor-post__thumbnail\">\n\t\t\t<img fetchpriority=\"high\" decoding=\"async\" width=\"2560\" height=\"1707\" src=\"https:\/\/naiadandrea.com\/wp-content\/uploads\/2025\/06\/IMG_5694-scaled.jpg\" class=\"attachment-full size-full wp-image-3571\" alt=\"\" srcset=\"https:\/\/naiadandrea.com\/wp-content\/uploads\/2025\/06\/IMG_5694-scaled.jpg 2560w, https:\/\/naiadandrea.com\/wp-content\/uploads\/2025\/06\/IMG_5694-300x200.jpg 300w, https:\/\/naiadandrea.com\/wp-content\/uploads\/2025\/06\/IMG_5694-1024x683.jpg 1024w, https:\/\/naiadandrea.com\/wp-content\/uploads\/2025\/06\/IMG_5694-768x512.jpg 768w, https:\/\/naiadandrea.com\/wp-content\/uploads\/2025\/06\/IMG_5694-1536x1024.jpg 1536w, https:\/\/naiadandrea.com\/wp-content\/uploads\/2025\/06\/IMG_5694-2048x1365.jpg 2048w, https:\/\/naiadandrea.com\/wp-content\/uploads\/2025\/06\/IMG_5694-500x333.jpg 500w, https:\/\/naiadandrea.com\/wp-content\/uploads\/2025\/06\/IMG_5694-800x533.jpg 800w, https:\/\/naiadandrea.com\/wp-content\/uploads\/2025\/06\/IMG_5694-1280x853.jpg 1280w, https:\/\/naiadandrea.com\/wp-content\/uploads\/2025\/06\/IMG_5694-1920x1280.jpg 1920w\" sizes=\"(max-width: 2560px) 100vw, 2560px\" \/>\t\t<\/div>\n\t\t\t\t<div class=\"elementor-portfolio-item__overlay\">\n\t\t\t\t<h3 class=\"elementor-portfolio-item__title\">\n\t\tGestar\t\t<\/h3>\n\t\t\t\t<\/div>\n\t\t\t\t<\/a>\n\t\t<\/article>\n\t\t\t\t<article class=\"elementor-portfolio-item elementor-post  post-547 page type-page status-publish has-post-thumbnail hentry\" role=\"listitem\">\n\t\t\t<a class=\"elementor-post__thumbnail__link\" href=\"https:\/\/naiadandrea.com\/?page_id=547\">\n\t\t\t\t<div class=\"elementor-portfolio-item__img elementor-post__thumbnail\">\n\t\t\t<img decoding=\"async\" width=\"2048\" height=\"1365\" src=\"https:\/\/naiadandrea.com\/wp-content\/uploads\/2025\/06\/DSC03082-Enhanced-NR.jpg\" class=\"attachment-full size-full wp-image-470\" alt=\"\" srcset=\"https:\/\/naiadandrea.com\/wp-content\/uploads\/2025\/06\/DSC03082-Enhanced-NR.jpg 2048w, https:\/\/naiadandrea.com\/wp-content\/uploads\/2025\/06\/DSC03082-Enhanced-NR-300x200.jpg 300w, https:\/\/naiadandrea.com\/wp-content\/uploads\/2025\/06\/DSC03082-Enhanced-NR-1024x683.jpg 1024w, https:\/\/naiadandrea.com\/wp-content\/uploads\/2025\/06\/DSC03082-Enhanced-NR-768x512.jpg 768w, https:\/\/naiadandrea.com\/wp-content\/uploads\/2025\/06\/DSC03082-Enhanced-NR-1536x1024.jpg 1536w, https:\/\/naiadandrea.com\/wp-content\/uploads\/2025\/06\/DSC03082-Enhanced-NR-500x333.jpg 500w, https:\/\/naiadandrea.com\/wp-content\/uploads\/2025\/06\/DSC03082-Enhanced-NR-800x533.jpg 800w, https:\/\/naiadandrea.com\/wp-content\/uploads\/2025\/06\/DSC03082-Enhanced-NR-1280x853.jpg 1280w, https:\/\/naiadandrea.com\/wp-content\/uploads\/2025\/06\/DSC03082-Enhanced-NR-1920x1280.jpg 1920w\" sizes=\"(max-width: 2048px) 100vw, 2048px\" \/>\t\t<\/div>\n\t\t\t\t<div class=\"elementor-portfolio-item__overlay\">\n\t\t\t\t<h3 class=\"elementor-portfolio-item__title\">\n\t\tParto\t\t<\/h3>\n\t\t\t\t<\/div>\n\t\t\t\t<\/a>\n\t\t<\/article>\n\t\t\t\t<article class=\"elementor-portfolio-item elementor-post  post-3767 page type-page status-publish has-post-thumbnail hentry\" role=\"listitem\">\n\t\t\t<a class=\"elementor-post__thumbnail__link\" href=\"https:\/\/naiadandrea.com\/?page_id=3767\">\n\t\t\t\t<div class=\"elementor-portfolio-item__img elementor-post__thumbnail\">\n\t\t\t<img decoding=\"async\" width=\"2048\" height=\"1365\" src=\"https:\/\/naiadandrea.com\/wp-content\/uploads\/2025\/06\/DSC09248.jpg\" class=\"attachment-full size-full wp-image-3837\" alt=\"\" srcset=\"https:\/\/naiadandrea.com\/wp-content\/uploads\/2025\/06\/DSC09248.jpg 2048w, https:\/\/naiadandrea.com\/wp-content\/uploads\/2025\/06\/DSC09248-300x200.jpg 300w, https:\/\/naiadandrea.com\/wp-content\/uploads\/2025\/06\/DSC09248-1024x683.jpg 1024w, https:\/\/naiadandrea.com\/wp-content\/uploads\/2025\/06\/DSC09248-768x512.jpg 768w, https:\/\/naiadandrea.com\/wp-content\/uploads\/2025\/06\/DSC09248-1536x1024.jpg 1536w, https:\/\/naiadandrea.com\/wp-content\/uploads\/2025\/06\/DSC09248-500x333.jpg 500w, https:\/\/naiadandrea.com\/wp-content\/uploads\/2025\/06\/DSC09248-800x533.jpg 800w, https:\/\/naiadandrea.com\/wp-content\/uploads\/2025\/06\/DSC09248-1280x853.jpg 1280w, https:\/\/naiadandrea.com\/wp-content\/uploads\/2025\/06\/DSC09248-1920x1280.jpg 1920w\" sizes=\"(max-width: 2048px) 100vw, 2048px\" \/>\t\t<\/div>\n\t\t\t\t<div class=\"elementor-portfolio-item__overlay\">\n\t\t\t\t<h3 class=\"elementor-portfolio-item__title\">\n\t\tP\u00f3s-Parto\t\t<\/h3>\n\t\t\t\t<\/div>\n\t\t\t\t<\/a>\n\t\t<\/article>\n\t\t\t\t<\/div>\n\t\t\t\t\t\t<\/div>\n\t\t\t\t<\/div>\n\t\t\t\t\t<\/div>\n\t\t\t\t<\/div>\n\t\t<div class=\"elementor-element elementor-element-6107516 e-flex e-con-boxed e-con e-parent\" data-id=\"6107516\" data-element_type=\"container\">\n\t\t\t\t\t<div class=\"e-con-inner\">\n\t\t\t\t<div class=\"elementor-element elementor-element-700d26b elementor-widget elementor-widget-text-editor\" data-id=\"700d26b\" data-element_type=\"widget\" data-widget_type=\"text-editor.default\">\n\t\t\t\t<div class=\"elementor-widget-container\">\n\t\t\t\t\t\t\t\t\t<p>\u00a0<\/p><p>\u00a0\u00c9 UMA TRAVESSIA<\/p>\t\t\t\t\t\t\t\t<\/div>\n\t\t\t\t<\/div>\n\t\t\t\t<div class=\"elementor-element elementor-element-6c7e93a elementor-widget elementor-widget-text-editor\" data-id=\"6c7e93a\" data-element_type=\"widget\" data-widget_type=\"text-editor.default\">\n\t\t\t\t<div class=\"elementor-widget-container\">\n\t\t\t\t\t\t\t\t\t<p>\u00a0<\/p><p>Registrar esse processo \u00e9 resguardar mem\u00f3ria, amparo e testemunho. \u00c9 oferecer um espelho do invis\u00edvel, um registro do que talvez seja imposs\u00edvel traduzir por palavras. Cada imagem pode carregar camadas dessa passagem, em seus momentos mais \u00edntimos e sagrados.<span class=\"Apple-converted-space\">\u00a0<\/span><\/p>\t\t\t\t\t\t\t\t<\/div>\n\t\t\t\t<\/div>\n\t\t\t\t\t<\/div>\n\t\t\t\t<\/div>\n\t\t\t\t<section class=\"elementor-section elementor-top-section elementor-element elementor-element-e9970cn elementor-section-content-middle elementor-reverse-mobile elementor-section-boxed elementor-section-height-default elementor-section-height-default\" data-id=\"e9970cn\" data-element_type=\"section\" data-settings=\"{&quot;background_background&quot;:&quot;classic&quot;}\">\n\t\t\t\t\t\t<div class=\"elementor-container elementor-column-gap-no\">\n\t\t\t\t\t<div class=\"elementor-column elementor-col-50 elementor-top-column elementor-element elementor-element-1205895\" data-id=\"1205895\" data-element_type=\"column\">\n\t\t\t<div class=\"elementor-widget-wrap elementor-element-populated\">\n\t\t\t\t\t\t<div class=\"elementor-element elementor-element-ab2f802 elementor-widget elementor-widget-heading\" data-id=\"ab2f802\" data-element_type=\"widget\" data-widget_type=\"heading.default\">\n\t\t\t\t<div class=\"elementor-widget-container\">\n\t\t\t\t\t<h1 class=\"elementor-heading-title elementor-size-default\">DOULA<\/h1>\t\t\t\t<\/div>\n\t\t\t\t<\/div>\n\t\t\t\t<div class=\"elementor-element elementor-element-f250609 elementor-widget elementor-widget-text-editor\" data-id=\"f250609\" data-element_type=\"widget\" data-widget_type=\"text-editor.default\">\n\t\t\t\t<div class=\"elementor-widget-container\">\n\t\t\t\t\t\t\t\t\t<p>A doula \u00e9 uma presen\u00e7a essencial na travessia da matresc\u00eancia.\u00a0<\/p>\t\t\t\t\t\t\t\t<\/div>\n\t\t\t\t<\/div>\n\t\t\t\t<div class=\"elementor-element elementor-element-e831d36 elementor-align-center elementor-widget elementor-widget-button\" data-id=\"e831d36\" data-element_type=\"widget\" data-widget_type=\"button.default\">\n\t\t\t\t<div class=\"elementor-widget-container\">\n\t\t\t\t\t\t\t\t\t<div class=\"elementor-button-wrapper\">\n\t\t\t\t\t<a class=\"elementor-button elementor-button-link elementor-size-sm\" href=\"\">\n\t\t\t\t\t\t<span class=\"elementor-button-content-wrapper\">\n\t\t\t\t\t\t\t\t\t<span class=\"elementor-button-text\">Vamos registrar o seu servir <\/span>\n\t\t\t\t\t<\/span>\n\t\t\t\t\t<\/a>\n\t\t\t\t<\/div>\n\t\t\t\t\t\t\t\t<\/div>\n\t\t\t\t<\/div>\n\t\t\t\t\t<\/div>\n\t\t<\/div>\n\t\t\t\t<div class=\"elementor-column elementor-col-50 elementor-top-column elementor-element elementor-element-81eb113\" data-id=\"81eb113\" data-element_type=\"column\">\n\t\t\t<div class=\"elementor-widget-wrap elementor-element-populated\">\n\t\t\t\t\t\t<div class=\"elementor-element elementor-element-6c7f020 elementor-widget elementor-widget-image\" data-id=\"6c7f020\" data-element_type=\"widget\" data-widget_type=\"image.default\">\n\t\t\t\t<div class=\"elementor-widget-container\">\n\t\t\t\t\t\t\t\t\t\t\t\t\t\t\t<img loading=\"lazy\" decoding=\"async\" width=\"768\" height=\"512\" src=\"https:\/\/naiadandrea.com\/wp-content\/uploads\/2025\/02\/DSC01819-768x512.jpg\" class=\"attachment-medium_large size-medium_large wp-image-47\" alt=\"\" srcset=\"https:\/\/naiadandrea.com\/wp-content\/uploads\/2025\/02\/DSC01819-768x512.jpg 768w, https:\/\/naiadandrea.com\/wp-content\/uploads\/2025\/02\/DSC01819-300x200.jpg 300w, https:\/\/naiadandrea.com\/wp-content\/uploads\/2025\/02\/DSC01819-1024x683.jpg 1024w, https:\/\/naiadandrea.com\/wp-content\/uploads\/2025\/02\/DSC01819-1536x1024.jpg 1536w, https:\/\/naiadandrea.com\/wp-content\/uploads\/2025\/02\/DSC01819.jpg 2048w\" sizes=\"(max-width: 768px) 100vw, 768px\" \/>\t\t\t\t\t\t\t\t\t\t\t\t\t\t\t<\/div>\n\t\t\t\t<\/div>\n\t\t\t\t\t<\/div>\n\t\t<\/div>\n\t\t\t\t\t<\/div>\n\t\t<\/section>\n\t\t\t\t<\/div>\n\t\t","protected":false},"excerpt":{"rendered":"<p>MATRESC\u00caNCIA \u201cO parto provoca uma s\u00e9rie de mudan\u00e7as muito dram\u00e1ticas no ser f\u00edsico da nova m\u00e3e, em sua vida emocional, em seu status dentro do grupo, e at\u00e9 mesmo em sua pr\u00f3pria identidade feminina. Eu distingo esse per\u00edodo de transi\u00e7\u00e3o dos outros chamando-o de matresc\u00eancia, para enfatizar a m\u00e3e e focar em seu novo estilo [&hellip;]<\/p>\n","protected":false},"author":1,"featured_media":0,"parent":0,"menu_order":0,"comment_status":"closed","ping_status":"closed","template":"elementor_header_footer","meta":{"ngg_post_thumbnail":0,"_vp_format_video_url":"","_vp_image_focal_point":[],"footnotes":""},"class_list":["post-53","page","type-page","status-publish","hentry"],"aioseo_notices":[],"_links":{"self":[{"href":"https:\/\/naiadandrea.com\/index.php?rest_route=\/wp\/v2\/pages\/53","targetHints":{"allow":["GET"]}}],"collection":[{"href":"https:\/\/naiadandrea.com\/index.php?rest_route=\/wp\/v2\/pages"}],"about":[{"href":"https:\/\/naiadandrea.com\/index.php?rest_route=\/wp\/v2\/types\/page"}],"author":[{"embeddable":true,"href":"https:\/\/naiadandrea.com\/index.php?rest_route=\/wp\/v2\/users\/1"}],"replies":[{"embeddable":true,"href":"https:\/\/naiadandrea.com\/index.php?rest_route=%2Fwp%2Fv2%2Fcomments&post=53"}],"version-history":[{"count":57,"href":"https:\/\/naiadandrea.com\/index.php?rest_route=\/wp\/v2\/pages\/53\/revisions"}],"predecessor-version":[{"id":4305,"href":"https:\/\/naiadandrea.com\/index.php?rest_route=\/wp\/v2\/pages\/53\/revisions\/4305"}],"wp:attachment":[{"href":"https:\/\/naiadandrea.com\/index.php?rest_route=%2Fwp%2Fv2%2Fmedia&parent=53"}],"curies":[{"name":"wp","href":"https:\/\/api.w.org\/{rel}","templated":true}]}}